{"id":60,"date":"2022-08-02T10:35:59","date_gmt":"2022-08-02T10:35:59","guid":{"rendered":"https:\/\/julialuisascott.es\/?page_id=60"},"modified":"2025-12-12T16:26:02","modified_gmt":"2025-12-12T15:26:02","slug":"curriculum","status":"publish","type":"page","link":"https:\/\/julialuisascott.es\/en\/curriculum\/","title":{"rendered":"Resume"},"content":{"rendered":"<div data-elementor-type=\"wp-page\" data-elementor-id=\"60\" class=\"elementor elementor-60\">\n\t\t\t\t\t\t\t\t\t<section class=\"elementor-section elementor-top-section elementor-element elementor-element-8c3da68 elementor-section-boxed elementor-section-height-default elementor-section-height-default qodef-elementor-content-no\" data-id=\"8c3da68\" data-element_type=\"section\">\n\t\t\t\t\t\t<div class=\"elementor-container elementor-column-gap-default\">\n\t\t\t\t\t<div class=\"elementor-column elementor-col-100 elementor-top-column elementor-element elementor-element-788cdfc\" data-id=\"788cdfc\" data-element_type=\"column\">\n\t\t\t<div class=\"elementor-widget-wrap elementor-element-populated\">\n\t\t\t\t\t\t\t\t<div class=\"elementor-element elementor-element-162d5aa elementor-widget elementor-widget-heading\" data-id=\"162d5aa\" data-element_type=\"widget\" data-widget_type=\"heading.default\">\n\t\t\t\t<div class=\"elementor-widget-container\">\n\t\t\t<style>\/*! elementor - v3.17.0 - 08-11-2023 *\/\n.elementor-heading-title{padding:0;margin:0;line-height:1}.elementor-widget-heading .elementor-heading-title[class*=elementor-size-]>a{color:inherit;font-size:inherit;line-height:inherit}.elementor-widget-heading .elementor-heading-title.elementor-size-small{font-size:15px}.elementor-widget-heading .elementor-heading-title.elementor-size-medium{font-size:19px}.elementor-widget-heading .elementor-heading-title.elementor-size-large{font-size:29px}.elementor-widget-heading .elementor-heading-title.elementor-size-xl{font-size:39px}.elementor-widget-heading .elementor-heading-title.elementor-size-xxl{font-size:59px}<\/style><h2 class=\"elementor-heading-title elementor-size-default\">Resume<\/h2>\t\t<\/div>\n\t\t\t\t<\/div>\n\t\t\t\t\t<\/div>\n\t\t<\/div>\n\t\t\t\t\t\t\t<\/div>\n\t\t<\/section>\n\t\t\t\t<section class=\"elementor-section elementor-top-section elementor-element elementor-element-cbc1ab9 elementor-section-boxed elementor-section-height-default elementor-section-height-default qodef-elementor-content-no\" data-id=\"cbc1ab9\" data-element_type=\"section\">\n\t\t\t\t\t\t<div class=\"elementor-container elementor-column-gap-default\">\n\t\t\t\t\t<div class=\"elementor-column elementor-col-50 elementor-top-column elementor-element elementor-element-f8b52d7\" data-id=\"f8b52d7\" data-element_type=\"column\">\n\t\t\t<div class=\"elementor-widget-wrap elementor-element-populated\">\n\t\t\t\t\t\t\t\t<div class=\"elementor-element elementor-element-e4df383 elementor-widget elementor-widget-image\" data-id=\"e4df383\" data-element_type=\"widget\" data-widget_type=\"image.default\">\n\t\t\t\t<div class=\"elementor-widget-container\">\n\t\t\t<style>\/*! elementor - v3.17.0 - 08-11-2023 *\/\n.elementor-widget-image{text-align:center}.elementor-widget-image a{display:inline-block}.elementor-widget-image a img[src$=\".svg\"]{width:48px}.elementor-widget-image img{vertical-align:middle;display:inline-block}<\/style>\t\t\t\t\t\t\t\t\t\t\t\t<img decoding=\"async\" width=\"300\" height=\"191\" src=\"https:\/\/julialuisascott.es\/wp-content\/uploads\/2023\/07\/IMG_20230218_180119-scaled-e1689688925452-300x191.jpg\" class=\"attachment-medium size-medium wp-image-375\" alt=\"\" srcset=\"https:\/\/julialuisascott.es\/wp-content\/uploads\/2023\/07\/IMG_20230218_180119-scaled-e1689688925452-300x191.jpg 300w, https:\/\/julialuisascott.es\/wp-content\/uploads\/2023\/07\/IMG_20230218_180119-scaled-e1689688925452-1024x652.jpg 1024w, https:\/\/julialuisascott.es\/wp-content\/uploads\/2023\/07\/IMG_20230218_180119-scaled-e1689688925452-768x489.jpg 768w, https:\/\/julialuisascott.es\/wp-content\/uploads\/2023\/07\/IMG_20230218_180119-scaled-e1689688925452-1536x978.jpg 1536w, https:\/\/julialuisascott.es\/wp-content\/uploads\/2023\/07\/IMG_20230218_180119-scaled-e1689688925452.jpg 1920w\" sizes=\"(max-width: 300px) 100vw, 300px\" \/>\t\t\t\t\t\t\t\t\t\t\t\t\t\t\t<\/div>\n\t\t\t\t<\/div>\n\t\t\t\t\t<\/div>\n\t\t<\/div>\n\t\t\t\t<div class=\"elementor-column elementor-col-50 elementor-top-column elementor-element elementor-element-e7b99d8\" data-id=\"e7b99d8\" data-element_type=\"column\">\n\t\t\t<div class=\"elementor-widget-wrap elementor-element-populated\">\n\t\t\t\t\t\t\t\t<div class=\"elementor-element elementor-element-a1fdf51 elementor-widget elementor-widget-text-editor\" data-id=\"a1fdf51\" data-element_type=\"widget\" data-widget_type=\"text-editor.default\">\n\t\t\t\t<div class=\"elementor-widget-container\">\n\t\t\t<style>\/*! elementor - v3.17.0 - 08-11-2023 *\/\n.elementor-widget-text-editor.elementor-drop-cap-view-stacked .elementor-drop-cap{background-color:#69727d;color:#fff}.elementor-widget-text-editor.elementor-drop-cap-view-framed .elementor-drop-cap{color:#69727d;border:3px solid;background-color:transparent}.elementor-widget-text-editor:not(.elementor-drop-cap-view-default) .elementor-drop-cap{margin-top:8px}.elementor-widget-text-editor:not(.elementor-drop-cap-view-default) .elementor-drop-cap-letter{width:1em;height:1em}.elementor-widget-text-editor .elementor-drop-cap{float:left;text-align:center;line-height:1;font-size:50px}.elementor-widget-text-editor .elementor-drop-cap-letter{display:inline-block}<\/style>\t\t\t\t<p><strong>I came into the world of acting almost by accident. A recommendation for drama classes after a very stressful period at the office saw me enter the world of acting. After years of training, here I am, giving it my all in a profession that fascinates me.<\/strong><\/p><p><strong>Below are examples of my work. Download my resume for more information.<\/strong><\/p>\t\t\t\t\t\t<\/div>\n\t\t\t\t<\/div>\n\t\t\t\t\t<\/div>\n\t\t<\/div>\n\t\t\t\t\t\t\t<\/div>\n\t\t<\/section>\n\t\t\t\t<section class=\"elementor-section elementor-top-section elementor-element elementor-element-38d49069 elementor-section-boxed elementor-section-height-default elementor-section-height-default qodef-elementor-content-no\" data-id=\"38d49069\" data-element_type=\"section\">\n\t\t\t\t\t\t<div class=\"elementor-container elementor-column-gap-default\">\n\t\t\t\t\t<div class=\"elementor-column elementor-col-100 elementor-top-column elementor-element elementor-element-97361b3\" data-id=\"97361b3\" data-element_type=\"column\">\n\t\t\t<div class=\"elementor-widget-wrap elementor-element-populated\">\n\t\t\t\t\t\t\t\t<div class=\"elementor-element elementor-element-59c1af24 elementor-widget elementor-widget-text-editor\" data-id=\"59c1af24\" data-element_type=\"widget\" data-widget_type=\"text-editor.default\">\n\t\t\t\t<div class=\"elementor-widget-container\">\n\t\t\t\t\t\t\t<h4><strong><span style=\"text-decoration: underline;\"><span style=\"color: #f#7f70da;\">Film Projects<\/span><\/span><\/strong><\/h4>\n<ul>\n<li><strong><span style=\"color: #ffffff;\">Short: Parking. Directed by: Roc\u00edo<\/span> <span style=\"color: #ffffff;\">Argueta and Diego L\u00f3pez. 2024.<\/span><\/strong><\/li>\n<li><strong><span style=\"color: #ffffff;\">Short: El fuego se apaga (Fire Goes Out). Directd by: Majd Hanna. Produced by: Eduardo Villar. 2023.<\/span><\/strong><\/li>\n<li><strong><span style=\"color: #ffffff;\">Short: La Rabiosa. Directed by: Pablo Cueto. 2022.<\/span><\/strong><\/li>\n<li><strong><span style=\"color: #ffffff;\">Short: Herencia desconocida (Mystery inheritance). Directed by: Miguel Luengo. 2022.<\/span><\/strong><\/li>\n<li><strong><span style=\"color: #ffffff;\">Miniseries: La familia (The Family). Produced by: ECE Actores. 2022.<\/span><\/strong><\/li>\n<li><strong><span style=\"color: #ffffff;\">Short: Un peculiar y desdichado nacimiento (A peculiar and unfortunate birth). Directed by: SJ S\u00e1nchez. 2021.<\/span><\/strong><\/li>\n<\/ul>\n<h4>&nbsp;<\/h4>\n<h4><span style=\"text-decoration: underline;\"><span style=\"color: ##7f70da;\"><strong>Dubbing Projects<\/strong><\/span><\/span><\/h4>\n<ul>\n<li><strong><span style=\"color: #ffffff;\">Angelie in Interstellar Ella. HBOMax (Spain). 2023<\/span><\/strong><\/li>\n<\/ul>\n<h4>&nbsp;<\/h4>\n<h4><span style=\"text-decoration: underline;\"><span style=\"color: ##7f70da;\"><strong>Voice Over Projects<\/strong><\/span><\/span><\/h4>\n<ul>\n<li><strong><span style=\"color: #ffffff;\"><a style=\"color: #ffffff;\" href=\"https:\/\/www.youtube.com\/watch?v=zoJnEJ8wJK0\" target=\"_blank\" rel=\"noopener\">Selling cruise holidays is easy with Amadeus Cruise Portal. Amadeus. 2022.<br><\/a><\/span><\/strong><\/li>\n<li><strong><span style=\"color: #ffffff;\"><a style=\"color: #ffffff;\" href=\"https:\/\/youtu.be\/EdNlhfat5xw\" target=\"_blank\" rel=\"noopener\">Selling leisure just got easier. Amadeus. 2022.<\/a><\/span><\/strong><\/li>\n<\/ul>\t\t\t\t\t\t<\/div>\n\t\t\t\t<\/div>\n\t\t\t\t\t<\/div>\n\t\t<\/div>\n\t\t\t\t\t\t\t<\/div>\n\t\t<\/section>\n\t\t\t\t<section class=\"elementor-section elementor-top-section elementor-element elementor-element-0faf81b elementor-section-boxed elementor-section-height-default elementor-section-height-default qodef-elementor-content-no\" data-id=\"0faf81b\" data-element_type=\"section\">\n\t\t\t\t\t\t<div class=\"elementor-container elementor-column-gap-default\">\n\t\t\t\t\t<div class=\"elementor-column elementor-col-100 elementor-top-column elementor-element elementor-element-77f8116\" data-id=\"77f8116\" data-element_type=\"column\">\n\t\t\t<div class=\"elementor-widget-wrap elementor-element-populated\">\n\t\t\t\t\t\t\t\t<div class=\"elementor-element elementor-element-583fb6d elementor-widget elementor-widget-spacer\" data-id=\"583fb6d\" data-element_type=\"widget\" data-widget_type=\"spacer.default\">\n\t\t\t\t<div class=\"elementor-widget-container\">\n\t\t\t<style>\/*! elementor - v3.17.0 - 08-11-2023 *\/\n.elementor-column .elementor-spacer-inner{height:var(--spacer-size)}.e-con{--container-widget-width:100%}.e-con-inner>.elementor-widget-spacer,.e-con>.elementor-widget-spacer{width:var(--container-widget-width,var(--spacer-size));--align-self:var(--container-widget-align-self,initial);--flex-shrink:0}.e-con-inner>.elementor-widget-spacer>.elementor-widget-container,.e-con>.elementor-widget-spacer>.elementor-widget-container{height:100%;width:100%}.e-con-inner>.elementor-widget-spacer>.elementor-widget-container>.elementor-spacer,.e-con>.elementor-widget-spacer>.elementor-widget-container>.elementor-spacer{height:100%}.e-con-inner>.elementor-widget-spacer>.elementor-widget-container>.elementor-spacer>.elementor-spacer-inner,.e-con>.elementor-widget-spacer>.elementor-widget-container>.elementor-spacer>.elementor-spacer-inner{height:var(--container-widget-height,var(--spacer-size))}.e-con-inner>.elementor-widget-spacer.elementor-widget-empty,.e-con>.elementor-widget-spacer.elementor-widget-empty{position:relative;min-height:22px;min-width:22px}.e-con-inner>.elementor-widget-spacer.elementor-widget-empty .elementor-widget-empty-icon,.e-con>.elementor-widget-spacer.elementor-widget-empty .elementor-widget-empty-icon{position:absolute;top:0;bottom:0;left:0;right:0;margin:auto;padding:0;width:22px;height:22px}<\/style>\t\t<div class=\"elementor-spacer\">\n\t\t\t<div class=\"elementor-spacer-inner\"><\/div>\n\t\t<\/div>\n\t\t\t\t<\/div>\n\t\t\t\t<\/div>\n\t\t\t\t\t<\/div>\n\t\t<\/div>\n\t\t\t\t\t\t\t<\/div>\n\t\t<\/section>\n\t\t\t\t<section class=\"elementor-section elementor-top-section elementor-element elementor-element-c90a699 elementor-section-boxed elementor-section-height-default elementor-section-height-default qodef-elementor-content-no\" data-id=\"c90a699\" data-element_type=\"section\">\n\t\t\t\t\t\t<div class=\"elementor-container elementor-column-gap-default\">\n\t\t\t\t\t<div class=\"elementor-column elementor-col-50 elementor-top-column elementor-element elementor-element-ded3d27\" data-id=\"ded3d27\" data-element_type=\"column\">\n\t\t\t<div class=\"elementor-widget-wrap elementor-element-populated\">\n\t\t\t\t\t\t\t\t<div class=\"elementor-element elementor-element-396b781 elementor-cta--layout-image-right elementor-cta--skin-classic elementor-animated-content elementor-widget elementor-widget-call-to-action\" data-id=\"396b781\" data-element_type=\"widget\" data-no-translation=\"\" data-widget_type=\"call-to-action.default\">\n\t\t\t\t<div class=\"elementor-widget-container\">\n\t\t\t<link rel=\"stylesheet\" href=\"https:\/\/julialuisascott.es\/wp-content\/plugins\/elementor-pro\/assets\/css\/widget-call-to-action.min.css\"><style>.elementor-element-396b781{display:none !important}<\/style>\t\t<\/div>\n\t\t\t\t<\/div>\n\t\t\t\t<div class=\"elementor-element elementor-element-f67a9c8 elementor-cta--layout-image-right elementor-cta--skin-classic elementor-animated-content elementor-widget elementor-widget-call-to-action\" data-id=\"f67a9c8\" data-element_type=\"widget\" data-widget_type=\"call-to-action.default\">\n\t\t\t\t<div class=\"elementor-widget-container\">\n\t\t\t\t\t<a class=\"elementor-cta\" href=\"https:\/\/julialuisascott.es\/wp-content\/uploads\/2025\/12\/CVA-Julia-Scott-Actriz-2026_web-EN.pdf\" target=\"_blank\">\n\t\t\t\t\t<div class=\"elementor-cta__bg-wrapper\">\n\t\t\t\t<div class=\"elementor-cta__bg elementor-bg\" style=\"background-image: url(https:\/\/julialuisascott.es\/wp-content\/uploads\/2023\/07\/IMG_20220414_214320-300x225.jpg);\"><\/div>\n\t\t\t\t<div class=\"elementor-cta__bg-overlay\"><\/div>\n\t\t\t<\/div>\n\t\t\t\t\t\t\t<div class=\"elementor-cta__content\">\n\t\t\t\t\n\t\t\t\t\n\t\t\t\t\n\t\t\t\t\t\t\t\t\t<div class=\"elementor-cta__button-wrapper elementor-cta__content-item elementor-content-item\">\n\t\t\t\t\t<span class=\"elementor-cta__button elementor-button elementor-size-md\">\n\t\t\t\t\t\tView Resume\t\t\t\t\t<\/span>\n\t\t\t\t\t<\/div>\n\t\t\t\t\t\t\t<\/div>\n\t\t\t\t\t\t<\/a>\n\t\t\t\t<\/div>\n\t\t\t\t<\/div>\n\t\t\t\t\t<\/div>\n\t\t<\/div>\n\t\t\t\t<div class=\"elementor-column elementor-col-50 elementor-top-column elementor-element elementor-element-9c88388\" data-id=\"9c88388\" data-element_type=\"column\">\n\t\t\t<div class=\"elementor-widget-wrap elementor-element-populated\">\n\t\t\t\t\t\t\t\t<div class=\"elementor-element elementor-element-723bb97 elementor-cta--layout-image-left elementor-cta--skin-classic elementor-animated-content elementor-widget elementor-widget-call-to-action\" data-id=\"723bb97\" data-element_type=\"widget\" data-widget_type=\"call-to-action.default\">\n\t\t\t\t<div class=\"elementor-widget-container\">\n\t\t\t\t\t<a class=\"elementor-cta\" href=\"https:\/\/youtu.be\/41O-GxLSQvs\" target=\"_blank\">\n\t\t\t\t\t<div class=\"elementor-cta__bg-wrapper\">\n\t\t\t\t<div class=\"elementor-cta__bg elementor-bg\" style=\"background-image: url(https:\/\/julialuisascott.es\/wp-content\/uploads\/2023\/07\/Julia-L-Scott_Policia2-200x300.jpg);\"><\/div>\n\t\t\t\t<div class=\"elementor-cta__bg-overlay\"><\/div>\n\t\t\t<\/div>\n\t\t\t\t\t\t\t<div class=\"elementor-cta__content\">\n\t\t\t\t\n\t\t\t\t\n\t\t\t\t\n\t\t\t\t\t\t\t\t\t<div class=\"elementor-cta__button-wrapper elementor-cta__content-item elementor-content-item\">\n\t\t\t\t\t<span class=\"elementor-cta__button elementor-button elementor-size-md\">\n\t\t\t\t\t\tWatch reel\t\t\t\t\t<\/span>\n\t\t\t\t\t<\/div>\n\t\t\t\t\t\t\t<\/div>\n\t\t\t\t\t\t<\/a>\n\t\t\t\t<\/div>\n\t\t\t\t<\/div>\n\t\t\t\t\t<\/div>\n\t\t<\/div>\n\t\t\t\t\t\t\t<\/div>\n\t\t<\/section>\n\t\t\t\t\t\t\t<\/div>","protected":false},"excerpt":{"rendered":"<p>Curr\u00edculum Llegu\u00e9 al mundo de la interpretaci\u00f3n casi por accidente. Una recomendaci\u00f3n de clases de teatro tras un periodo de mucho estr\u00e9s en la oficina me vio llegar al mundo de la interpretaci\u00f3n. Tras a\u00f1os form\u00e1ndome, aqu\u00ed sigo, d\u00e1ndole ca\u00f1a a una profesi\u00f3n que me fascina. Detallo abajo algunos de mis \u00faltimos trabajos. Para m\u00e1s [&hellip;]<\/p>","protected":false},"author":1,"featured_media":0,"parent":0,"menu_order":0,"comment_status":"closed","ping_status":"closed","template":"","meta":[],"_links":{"self":[{"href":"https:\/\/julialuisascott.es\/en\/wp-json\/wp\/v2\/pages\/60"}],"collection":[{"href":"https:\/\/julialuisascott.es\/en\/wp-json\/wp\/v2\/pages"}],"about":[{"href":"https:\/\/julialuisascott.es\/en\/wp-json\/wp\/v2\/types\/page"}],"author":[{"embeddable":true,"href":"https:\/\/julialuisascott.es\/en\/wp-json\/wp\/v2\/users\/1"}],"replies":[{"embeddable":true,"href":"https:\/\/julialuisascott.es\/en\/wp-json\/wp\/v2\/comments?post=60"}],"version-history":[{"count":126,"href":"https:\/\/julialuisascott.es\/en\/wp-json\/wp\/v2\/pages\/60\/revisions"}],"predecessor-version":[{"id":798,"href":"https:\/\/julialuisascott.es\/en\/wp-json\/wp\/v2\/pages\/60\/revisions\/798"}],"wp:attachment":[{"href":"https:\/\/julialuisascott.es\/en\/wp-json\/wp\/v2\/media?parent=60"}],"curies":[{"name":"wp","href":"https:\/\/api.w.org\/{rel}","templated":true}]}}